{"id":1547,"date":"2026-02-25T15:07:10","date_gmt":"2026-02-25T15:07:10","guid":{"rendered":"https:\/\/oiabby.com\/portfolio\/?page_id=1547"},"modified":"2026-02-25T15:09:44","modified_gmt":"2026-02-25T15:09:44","slug":"bodog","status":"publish","type":"page","link":"https:\/\/oiabby.com\/portfolio\/bodog\/","title":{"rendered":"Bodog"},"content":{"rendered":"\t\t<div data-elementor-type=\"wp-page\" data-elementor-id=\"1547\" class=\"elementor elementor-1547\" data-elementor-post-type=\"page\">\n\t\t\t\t<div class=\"elementor-element elementor-element-7a79f85 e-flex e-con-boxed wpr-particle-no wpr-jarallax-no wpr-parallax-no wpr-sticky-section-no e-con e-parent\" data-id=\"7a79f85\" data-element_type=\"container\" data-e-type=\"container\">\n\t\t\t\t\t<div class=\"e-con-inner\">\n\t\t\t\t<div class=\"elementor-element elementor-element-1ad654c elementor-widget elementor-widget-image\" data-id=\"1ad654c\" data-element_type=\"widget\" data-e-type=\"widget\" data-widget_type=\"image.default\">\n\t\t\t\t\t\t\t\t\t\t\t\t\t\t\t<img fetchpriority=\"high\" decoding=\"async\" width=\"647\" height=\"392\" src=\"https:\/\/oiabby.com\/portfolio\/wp-content\/uploads\/2026\/02\/case-header.png\" class=\"attachment-full size-full wp-image-1509\" alt=\"\" srcset=\"https:\/\/oiabby.com\/portfolio\/wp-content\/uploads\/2026\/02\/case-header.png 647w, https:\/\/oiabby.com\/portfolio\/wp-content\/uploads\/2026\/02\/case-header-300x182.png 300w\" sizes=\"(max-width: 647px) 100vw, 647px\" \/>\t\t\t\t\t\t\t\t\t\t\t\t\t\t\t<\/div>\n\t\t\t\t<div class=\"elementor-element elementor-element-29b04e6 elementor-widget elementor-widget-text-editor\" data-id=\"29b04e6\" data-element_type=\"widget\" data-e-type=\"widget\" data-widget_type=\"text-editor.default\">\n\t\t\t\t\t\t\t\t\t<p><strong>O desafio com o Bodog era tornar a empresa, que j\u00e1 \u00e9 refer\u00eancia mundial em jogos online, conhecida no Brasil.<\/strong><\/p>\t\t\t\t\t\t\t\t<\/div>\n\t\t\t\t<div class=\"elementor-element elementor-element-6c6140d elementor-widget elementor-widget-text-editor\" data-id=\"6c6140d\" data-element_type=\"widget\" data-e-type=\"widget\" data-widget_type=\"text-editor.default\">\n\t\t\t\t\t\t\t\t\t<p>Para isso, separamos a estrat\u00e9gia em 2 partes. Fase 1: refor\u00e7amos a identidade visual, adaptando a mensagem e humanizando o relacionamento com o p\u00fablico. Fase 2: criamos uma conversa apaixonada e verdadeira com os torcedores e divulgamos nos meios digitais o patroc\u00ednio do Bodog \u00e0 Copa do Brasil, para refor\u00e7ar o apoio da marca \u00e0s competi\u00e7\u00f5es nacionais e seu compromisso em desenvolver o esporte no pa\u00eds. O resto, \u00e9 hist\u00f3ria!<\/p>\t\t\t\t\t\t\t\t<\/div>\n\t\t\t\t<div class=\"elementor-element elementor-element-67123b1 elementor-widget elementor-widget-html\" data-id=\"67123b1\" data-element_type=\"widget\" data-e-type=\"widget\" data-widget_type=\"html.default\">\n\t\t\t\t\t<script src=\"https:\/\/fast.wistia.com\/embed\/medias\/krijv3tgfu.jsonp\" async><\/script><script src=\"https:\/\/fast.wistia.com\/assets\/external\/E-v1.js\" async><\/script><div class=\"wistia_responsive_padding\" style=\"padding:56.25% 0 0 0;position:relative;\"><div class=\"wistia_responsive_wrapper\" style=\"height:100%;left:0;position:absolute;top:0;width:100%;\"><div class=\"wistia_embed wistia_async_krijv3tgfu seo=false videoFoam=true\" style=\"height:100%;position:relative;width:100%\"><div class=\"wistia_swatch\" style=\"height:100%;left:0;opacity:0;overflow:hidden;position:absolute;top:0;transition:opacity 200ms;width:100%;\"><img decoding=\"async\" src=\"https:\/\/fast.wistia.com\/embed\/medias\/krijv3tgfu\/swatch\" style=\"filter:blur(5px);height:100%;object-fit:contain;width:100%;\" alt=\"\" aria-hidden=\"true\" onload=\"this.parentNode.style.opacity=1;\" \/><\/div><\/div><\/div><\/div>\t\t\t\t<\/div>\n\t\t\t\t<div class=\"elementor-element elementor-element-dbc5cac elementor-widget elementor-widget-spacer\" data-id=\"dbc5cac\" data-element_type=\"widget\" data-e-type=\"widget\" data-widget_type=\"spacer.default\">\n\t\t\t\t\t\t\t<div class=\"elementor-spacer\">\n\t\t\t<div class=\"elementor-spacer-inner\"><\/div>\n\t\t<\/div>\n\t\t\t\t\t\t<\/div>\n\t\t\t\t\t<\/div>\n\t\t\t\t<\/div>\n\t\t<div class=\"elementor-element elementor-element-9e8e2a5 e-flex e-con-boxed wpr-particle-no wpr-jarallax-no wpr-parallax-no wpr-sticky-section-no e-con e-parent\" data-id=\"9e8e2a5\" data-element_type=\"container\" data-e-type=\"container\">\n\t\t\t\t\t<div class=\"e-con-inner\">\n\t\t<div class=\"elementor-element elementor-element-5e77840 e-con-full e-flex wpr-particle-no wpr-jarallax-no wpr-parallax-no wpr-sticky-section-no e-con e-child\" data-id=\"5e77840\" data-element_type=\"container\" data-e-type=\"container\">\n\t\t\t\t<div class=\"elementor-element elementor-element-cf6f921 elementor-widget elementor-widget-text-editor\" data-id=\"cf6f921\" data-element_type=\"widget\" data-e-type=\"widget\" data-widget_type=\"text-editor.default\">\n\t\t\t\t\t\t\t\t\t<p><img decoding=\"async\" class=\"alignnone size-full wp-image-1512 aligncenter\" src=\"https:\/\/oiabby.com\/portfolio\/wp-content\/uploads\/2026\/02\/resultado-1.png\" alt=\"\" width=\"200\" height=\"200\" srcset=\"https:\/\/oiabby.com\/portfolio\/wp-content\/uploads\/2026\/02\/resultado-1.png 200w, https:\/\/oiabby.com\/portfolio\/wp-content\/uploads\/2026\/02\/resultado-1-150x150.png 150w\" sizes=\"(max-width: 200px) 100vw, 200px\" \/><\/p><h3 style=\"text-align: center;\"><strong>Influenciadores<\/strong><\/h3><p style=\"text-align: center;\">Escala\u00e7\u00e3o de\u00a0<b>34\u00a0<\/b>influenciadores digitais, sem cach\u00ea, apenas comiss\u00e3o por ativa\u00e7\u00e3o no site do Bodog, todos comandados por Al\u00ea Oliveira, o famoso Rei do Decreto.<\/p>\t\t\t\t\t\t\t\t<\/div>\n\t\t\t\t<\/div>\n\t\t<div class=\"elementor-element elementor-element-8089b96 e-con-full e-flex wpr-particle-no wpr-jarallax-no wpr-parallax-no wpr-sticky-section-no e-con e-child\" data-id=\"8089b96\" data-element_type=\"container\" data-e-type=\"container\">\n\t\t\t\t<div class=\"elementor-element elementor-element-fedffdd elementor-widget elementor-widget-text-editor\" data-id=\"fedffdd\" data-element_type=\"widget\" data-e-type=\"widget\" data-widget_type=\"text-editor.default\">\n\t\t\t\t\t\t\t\t\t<p><img decoding=\"async\" class=\"alignnone size-full wp-image-1513 aligncenter\" src=\"https:\/\/oiabby.com\/portfolio\/wp-content\/uploads\/2026\/02\/resultado-3.png\" alt=\"\" width=\"200\" height=\"200\" srcset=\"https:\/\/oiabby.com\/portfolio\/wp-content\/uploads\/2026\/02\/resultado-3.png 200w, https:\/\/oiabby.com\/portfolio\/wp-content\/uploads\/2026\/02\/resultado-3-150x150.png 150w\" sizes=\"(max-width: 200px) 100vw, 200px\" \/><\/p><h3 style=\"text-align: center;\"><strong>Camarote Bodog<\/strong><\/h3><p style=\"text-align: center;\">Realiza\u00e7\u00e3o de a\u00e7\u00f5es em\u00a0<b>camarotes<\/b>\u00a0de grandes est\u00e1dios,\u00a0<b>sorteios de ingressos<\/b>, din\u00e2micas em dias de jogos, etc.<\/p>\t\t\t\t\t\t\t\t<\/div>\n\t\t\t\t<\/div>\n\t\t<div class=\"elementor-element elementor-element-f3a49d9 e-con-full e-flex wpr-particle-no wpr-jarallax-no wpr-parallax-no wpr-sticky-section-no e-con e-child\" data-id=\"f3a49d9\" data-element_type=\"container\" data-e-type=\"container\">\n\t\t\t\t<div class=\"elementor-element elementor-element-a38ee20 elementor-widget elementor-widget-text-editor\" data-id=\"a38ee20\" data-element_type=\"widget\" data-e-type=\"widget\" data-widget_type=\"text-editor.default\">\n\t\t\t\t\t\t\t\t\t<p><img loading=\"lazy\" decoding=\"async\" class=\"alignnone size-full wp-image-1511 aligncenter\" src=\"https:\/\/oiabby.com\/portfolio\/wp-content\/uploads\/2026\/02\/MKT-MKT-intelligence.png\" alt=\"\" width=\"178\" height=\"198\" \/><\/p><h3 style=\"text-align: center;\"><strong>Alcance incr\u00edvel!<\/strong><\/h3><p style=\"text-align: center;\">Mais de\u00a0<b>330<\/b>\u00a0conte\u00fados gerados,\u00a0<b>4.000.000<\/b>\u00a0de pessoas alcan\u00e7adas, mais de\u00a0<b>750<\/b>\u00a0novos cadastros no site e crescimento de\u00a0<b>153%<\/b>\u00a0no Facebook e\u00a0<b>49%<\/b>\u00a0no Instagram.<\/p>\t\t\t\t\t\t\t\t<\/div>\n\t\t\t\t<\/div>\n\t\t\t\t\t<\/div>\n\t\t\t\t<\/div>\n\t\t<div class=\"elementor-element elementor-element-e2b1554 e-flex e-con-boxed wpr-particle-no wpr-jarallax-no wpr-parallax-no wpr-sticky-section-no e-con e-parent\" data-id=\"e2b1554\" data-element_type=\"container\" data-e-type=\"container\">\n\t\t\t\t\t<div class=\"e-con-inner\">\n\t\t\t\t<div class=\"elementor-element elementor-element-5ed79cc wpr-button-icon-style-inline wpr-button-icon-position-right elementor-widget elementor-widget-wpr-button\" data-id=\"5ed79cc\" data-element_type=\"widget\" data-e-type=\"widget\" data-widget_type=\"wpr-button.default\">\n\t\t\t\t\t\t\n\t\t\t\n\t\t\n\t\t<div class=\"wpr-button-wrap elementor-clearfix\">\n\t\t<a class=\"wpr-button wpr-button-effect wpr-button-none\" data-text=\"\" href=\"https:\/\/www.oiabby.com\/hire-us\">\n\t\t\t\n\t\t\t<span class=\"wpr-button-content\">\n\t\t\t\t\t\t\t\t\t<span class=\"wpr-button-text\">Uau, quero marcar um caf\u00e9!<\/span>\n\t\t\t\t\t\t\t\t\n\t\t\t\t\t\t\t\t\t<span class=\"wpr-button-icon\"><svg class=\"e-font-icon-svg e-fas-angle-right\" viewBox=\"0 0 256 512\" xmlns=\"http:\/\/www.w3.org\/2000\/svg\"><path d=\"M224.3 273l-136 136c-9.4 9.4-24.6 9.4-33.9 0l-22.6-22.6c-9.4-9.4-9.4-24.6 0-33.9l96.4-96.4-96.4-96.4c-9.4-9.4-9.4-24.6 0-33.9L54.3 103c9.4-9.4 24.6-9.4 33.9 0l136 136c9.5 9.4 9.5 24.6.1 34z\"><\/path><\/svg><\/span>\n\t\t\t\t\t\t\t<\/span>\n\t\t<\/a>\n\n\t\t\t\t<\/div>\n\t\n\t\n\t\t\t\t\t<\/div>\n\t\t\t\t\t<\/div>\n\t\t\t\t<\/div>\n\t\t<div class=\"elementor-element elementor-element-8bf9d6d e-flex e-con-boxed wpr-particle-no wpr-jarallax-no wpr-parallax-no wpr-sticky-section-no e-con e-parent\" data-id=\"8bf9d6d\" data-element_type=\"container\" data-e-type=\"container\">\n\t\t\t\t\t<div class=\"e-con-inner\">\n\t\t\t\t\t<\/div>\n\t\t\t\t<\/div>\n\t\t\t\t<\/div>\n\t\t","protected":false},"excerpt":{"rendered":"<p>O desafio com o Bodog era tornar a empresa, que j\u00e1 \u00e9 refer\u00eancia mundial em jogos online, conhecida no Brasil. Para isso, separamos a estrat\u00e9gia em 2 partes. Fase 1: refor\u00e7amos a identidade visual, adaptando a mensagem e humanizando o relacionamento com o p\u00fablico. Fase 2: criamos uma conversa apaixonada e verdadeira com os torcedores e divulgamos nos meios digitais o patroc\u00ednio do Bodog \u00e0 Copa do Brasil, para refor\u00e7ar o apoio da marca \u00e0s competi\u00e7\u00f5es nacionais e seu compromisso em desenvolver o esporte no pa\u00eds. O resto, \u00e9 hist\u00f3ria! Influenciadores Escala\u00e7\u00e3o de\u00a034\u00a0influenciadores digitais, sem cach\u00ea, apenas comiss\u00e3o por ativa\u00e7\u00e3o no site do Bodog, todos comandados por Al\u00ea Oliveira, o famoso Rei do Decreto. Camarote Bodog Realiza\u00e7\u00e3o de a\u00e7\u00f5es em\u00a0camarotes\u00a0de grandes est\u00e1dios,\u00a0sorteios de ingressos, din\u00e2micas em dias de jogos, etc. Alcance incr\u00edvel! Mais de\u00a0330\u00a0conte\u00fados gerados,\u00a04.000.000\u00a0de pessoas alcan\u00e7adas, mais de\u00a0750\u00a0novos cadastros no site e crescimento de\u00a0153%\u00a0no Facebook e\u00a049%\u00a0no Instagram. Uau, quero marcar um caf\u00e9!<\/p>\n","protected":false},"author":1,"featured_media":1490,"parent":0,"menu_order":0,"comment_status":"closed","ping_status":"closed","template":"","meta":{"footnotes":""},"class_list":["post-1547","page","type-page","status-publish","has-post-thumbnail","hentry"],"yoast_head":"<!-- This site is optimized with the Yoast SEO plugin v27.1.1 - https:\/\/yoast.com\/product\/yoast-seo-wordpress\/ -->\n<title>Ag\u00eancia Abby de Marketing de Conte\u00fado<\/title>\n<meta name=\"description\" content=\"Prazer! Sou a Ag\u00eancia Abby de Marketing de Conte\u00fado e Comunica\u00e7\u00e3o Interna. Um hub de solu\u00e7\u00f5es criativas para marcas que querem se conectar de verdade.\" \/>\n<meta name=\"robots\" content=\"index, follow, max-snippet:-1, max-image-preview:large, max-video-preview:-1\" \/>\n<link rel=\"canonical\" href=\"https:\/\/oiabby.com\/portfolio\/bodog\/\" \/>\n<meta property=\"og:locale\" content=\"pt_BR\" \/>\n<meta property=\"og:type\" content=\"article\" \/>\n<meta property=\"og:title\" content=\"Ag\u00eancia Abby de Marketing de Conte\u00fado\" \/>\n<meta property=\"og:description\" content=\"Prazer! Sou a Ag\u00eancia Abby de Marketing de Conte\u00fado e Comunica\u00e7\u00e3o Interna. Um hub de solu\u00e7\u00f5es criativas para marcas que querem se conectar de verdade.\" \/>\n<meta property=\"og:url\" content=\"https:\/\/oiabby.com\/portfolio\/bodog\/\" \/>\n<meta property=\"og:site_name\" content=\"Ag\u00eancia de Marketing Digital Abby\" \/>\n<meta property=\"article:publisher\" content=\"https:\/\/www.facebook.com\/sou.abby\/\" \/>\n<meta property=\"article:modified_time\" content=\"2026-02-25T15:09:44+00:00\" \/>\n<meta property=\"og:image\" content=\"https:\/\/oiabby.com\/portfolio\/wp-content\/uploads\/2026\/02\/Bodog.jpg\" \/>\n\t<meta property=\"og:image:width\" content=\"750\" \/>\n\t<meta property=\"og:image:height\" content=\"741\" \/>\n\t<meta property=\"og:image:type\" content=\"image\/jpeg\" \/>\n<meta name=\"twitter:card\" content=\"summary_large_image\" \/>\n<meta name=\"twitter:label1\" content=\"Est. tempo de leitura\" \/>\n\t<meta name=\"twitter:data1\" content=\"3 minutos\" \/>\n<script type=\"application\/ld+json\" class=\"yoast-schema-graph\">{\"@context\":\"https:\/\/schema.org\",\"@graph\":[{\"@type\":\"WebPage\",\"@id\":\"https:\/\/oiabby.com\/portfolio\/bodog\/\",\"url\":\"https:\/\/oiabby.com\/portfolio\/bodog\/\",\"name\":\"Ag\u00eancia Abby de Marketing de Conte\u00fado\",\"isPartOf\":{\"@id\":\"https:\/\/oiabby.com\/portfolio\/#website\"},\"primaryImageOfPage\":{\"@id\":\"https:\/\/oiabby.com\/portfolio\/bodog\/#primaryimage\"},\"image\":{\"@id\":\"https:\/\/oiabby.com\/portfolio\/bodog\/#primaryimage\"},\"thumbnailUrl\":\"https:\/\/oiabby.com\/portfolio\/wp-content\/uploads\/2026\/02\/Bodog.jpg\",\"datePublished\":\"2026-02-25T15:07:10+00:00\",\"dateModified\":\"2026-02-25T15:09:44+00:00\",\"description\":\"Prazer! Sou a Ag\u00eancia Abby de Marketing de Conte\u00fado e Comunica\u00e7\u00e3o Interna. Um hub de solu\u00e7\u00f5es criativas para marcas que querem se conectar de verdade.\",\"breadcrumb\":{\"@id\":\"https:\/\/oiabby.com\/portfolio\/bodog\/#breadcrumb\"},\"inLanguage\":\"pt-BR\",\"potentialAction\":[{\"@type\":\"ReadAction\",\"target\":[\"https:\/\/oiabby.com\/portfolio\/bodog\/\"]}]},{\"@type\":\"ImageObject\",\"inLanguage\":\"pt-BR\",\"@id\":\"https:\/\/oiabby.com\/portfolio\/bodog\/#primaryimage\",\"url\":\"https:\/\/oiabby.com\/portfolio\/wp-content\/uploads\/2026\/02\/Bodog.jpg\",\"contentUrl\":\"https:\/\/oiabby.com\/portfolio\/wp-content\/uploads\/2026\/02\/Bodog.jpg\",\"width\":750,\"height\":741},{\"@type\":\"BreadcrumbList\",\"@id\":\"https:\/\/oiabby.com\/portfolio\/bodog\/#breadcrumb\",\"itemListElement\":[{\"@type\":\"ListItem\",\"position\":1,\"name\":\"In\u00edcio\",\"item\":\"https:\/\/oiabby.com\/portfolio\/\"},{\"@type\":\"ListItem\",\"position\":2,\"name\":\"Bodog\"}]},{\"@type\":\"WebSite\",\"@id\":\"https:\/\/oiabby.com\/portfolio\/#website\",\"url\":\"https:\/\/oiabby.com\/portfolio\/\",\"name\":\"Ag\u00eancia Abby ser um hub de solu\u00e7\u00f5es para comunica\u00e7\u00e3o \u00e9 muito mais que comunicar\",\"description\":\"\",\"publisher\":{\"@id\":\"https:\/\/oiabby.com\/portfolio\/#organization\"},\"potentialAction\":[{\"@type\":\"SearchAction\",\"target\":{\"@type\":\"EntryPoint\",\"urlTemplate\":\"https:\/\/oiabby.com\/portfolio\/?s={search_term_string}\"},\"query-input\":{\"@type\":\"PropertyValueSpecification\",\"valueRequired\":true,\"valueName\":\"search_term_string\"}}],\"inLanguage\":\"pt-BR\"},{\"@type\":\"Organization\",\"@id\":\"https:\/\/oiabby.com\/portfolio\/#organization\",\"name\":\"Ag\u00eancia Abby de Publicidade e Comunica\u00e7\u00e3o\",\"url\":\"https:\/\/oiabby.com\/portfolio\/\",\"logo\":{\"@type\":\"ImageObject\",\"inLanguage\":\"pt-BR\",\"@id\":\"https:\/\/oiabby.com\/portfolio\/#\/schema\/logo\/image\/\",\"url\":\"https:\/\/oiabby.com\/portfolio\/wp-content\/uploads\/2025\/09\/cropped-Screenshot_2024.jpg\",\"contentUrl\":\"https:\/\/oiabby.com\/portfolio\/wp-content\/uploads\/2025\/09\/cropped-Screenshot_2024.jpg\",\"width\":266,\"height\":76,\"caption\":\"Ag\u00eancia Abby de Publicidade e Comunica\u00e7\u00e3o\"},\"image\":{\"@id\":\"https:\/\/oiabby.com\/portfolio\/#\/schema\/logo\/image\/\"},\"sameAs\":[\"https:\/\/www.facebook.com\/sou.abby\/\",\"https:\/\/www.instagram.com\/sou.abby\/\",\"https:\/\/www.linkedin.com\/company\/souabby\/\"]}]}<\/script>\n<!-- \/ Yoast SEO plugin. -->","yoast_head_json":{"title":"Ag\u00eancia Abby de Marketing de Conte\u00fado","description":"Prazer! Sou a Ag\u00eancia Abby de Marketing de Conte\u00fado e Comunica\u00e7\u00e3o Interna. Um hub de solu\u00e7\u00f5es criativas para marcas que querem se conectar de verdade.","robots":{"index":"index","follow":"follow","max-snippet":"max-snippet:-1","max-image-preview":"max-image-preview:large","max-video-preview":"max-video-preview:-1"},"canonical":"https:\/\/oiabby.com\/portfolio\/bodog\/","og_locale":"pt_BR","og_type":"article","og_title":"Ag\u00eancia Abby de Marketing de Conte\u00fado","og_description":"Prazer! Sou a Ag\u00eancia Abby de Marketing de Conte\u00fado e Comunica\u00e7\u00e3o Interna. Um hub de solu\u00e7\u00f5es criativas para marcas que querem se conectar de verdade.","og_url":"https:\/\/oiabby.com\/portfolio\/bodog\/","og_site_name":"Ag\u00eancia de Marketing Digital Abby","article_publisher":"https:\/\/www.facebook.com\/sou.abby\/","article_modified_time":"2026-02-25T15:09:44+00:00","og_image":[{"width":750,"height":741,"url":"https:\/\/oiabby.com\/portfolio\/wp-content\/uploads\/2026\/02\/Bodog.jpg","type":"image\/jpeg"}],"twitter_card":"summary_large_image","twitter_misc":{"Est. tempo de leitura":"3 minutos"},"schema":{"@context":"https:\/\/schema.org","@graph":[{"@type":"WebPage","@id":"https:\/\/oiabby.com\/portfolio\/bodog\/","url":"https:\/\/oiabby.com\/portfolio\/bodog\/","name":"Ag\u00eancia Abby de Marketing de Conte\u00fado","isPartOf":{"@id":"https:\/\/oiabby.com\/portfolio\/#website"},"primaryImageOfPage":{"@id":"https:\/\/oiabby.com\/portfolio\/bodog\/#primaryimage"},"image":{"@id":"https:\/\/oiabby.com\/portfolio\/bodog\/#primaryimage"},"thumbnailUrl":"https:\/\/oiabby.com\/portfolio\/wp-content\/uploads\/2026\/02\/Bodog.jpg","datePublished":"2026-02-25T15:07:10+00:00","dateModified":"2026-02-25T15:09:44+00:00","description":"Prazer! Sou a Ag\u00eancia Abby de Marketing de Conte\u00fado e Comunica\u00e7\u00e3o Interna. Um hub de solu\u00e7\u00f5es criativas para marcas que querem se conectar de verdade.","breadcrumb":{"@id":"https:\/\/oiabby.com\/portfolio\/bodog\/#breadcrumb"},"inLanguage":"pt-BR","potentialAction":[{"@type":"ReadAction","target":["https:\/\/oiabby.com\/portfolio\/bodog\/"]}]},{"@type":"ImageObject","inLanguage":"pt-BR","@id":"https:\/\/oiabby.com\/portfolio\/bodog\/#primaryimage","url":"https:\/\/oiabby.com\/portfolio\/wp-content\/uploads\/2026\/02\/Bodog.jpg","contentUrl":"https:\/\/oiabby.com\/portfolio\/wp-content\/uploads\/2026\/02\/Bodog.jpg","width":750,"height":741},{"@type":"BreadcrumbList","@id":"https:\/\/oiabby.com\/portfolio\/bodog\/#breadcrumb","itemListElement":[{"@type":"ListItem","position":1,"name":"In\u00edcio","item":"https:\/\/oiabby.com\/portfolio\/"},{"@type":"ListItem","position":2,"name":"Bodog"}]},{"@type":"WebSite","@id":"https:\/\/oiabby.com\/portfolio\/#website","url":"https:\/\/oiabby.com\/portfolio\/","name":"Ag\u00eancia Abby ser um hub de solu\u00e7\u00f5es para comunica\u00e7\u00e3o \u00e9 muito mais que comunicar","description":"","publisher":{"@id":"https:\/\/oiabby.com\/portfolio\/#organization"},"potentialAction":[{"@type":"SearchAction","target":{"@type":"EntryPoint","urlTemplate":"https:\/\/oiabby.com\/portfolio\/?s={search_term_string}"},"query-input":{"@type":"PropertyValueSpecification","valueRequired":true,"valueName":"search_term_string"}}],"inLanguage":"pt-BR"},{"@type":"Organization","@id":"https:\/\/oiabby.com\/portfolio\/#organization","name":"Ag\u00eancia Abby de Publicidade e Comunica\u00e7\u00e3o","url":"https:\/\/oiabby.com\/portfolio\/","logo":{"@type":"ImageObject","inLanguage":"pt-BR","@id":"https:\/\/oiabby.com\/portfolio\/#\/schema\/logo\/image\/","url":"https:\/\/oiabby.com\/portfolio\/wp-content\/uploads\/2025\/09\/cropped-Screenshot_2024.jpg","contentUrl":"https:\/\/oiabby.com\/portfolio\/wp-content\/uploads\/2025\/09\/cropped-Screenshot_2024.jpg","width":266,"height":76,"caption":"Ag\u00eancia Abby de Publicidade e Comunica\u00e7\u00e3o"},"image":{"@id":"https:\/\/oiabby.com\/portfolio\/#\/schema\/logo\/image\/"},"sameAs":["https:\/\/www.facebook.com\/sou.abby\/","https:\/\/www.instagram.com\/sou.abby\/","https:\/\/www.linkedin.com\/company\/souabby\/"]}]}},"_links":{"self":[{"href":"https:\/\/oiabby.com\/portfolio\/wp-json\/wp\/v2\/pages\/1547","targetHints":{"allow":["GET"]}}],"collection":[{"href":"https:\/\/oiabby.com\/portfolio\/wp-json\/wp\/v2\/pages"}],"about":[{"href":"https:\/\/oiabby.com\/portfolio\/wp-json\/wp\/v2\/types\/page"}],"author":[{"embeddable":true,"href":"https:\/\/oiabby.com\/portfolio\/wp-json\/wp\/v2\/users\/1"}],"replies":[{"embeddable":true,"href":"https:\/\/oiabby.com\/portfolio\/wp-json\/wp\/v2\/comments?post=1547"}],"version-history":[{"count":4,"href":"https:\/\/oiabby.com\/portfolio\/wp-json\/wp\/v2\/pages\/1547\/revisions"}],"predecessor-version":[{"id":1551,"href":"https:\/\/oiabby.com\/portfolio\/wp-json\/wp\/v2\/pages\/1547\/revisions\/1551"}],"wp:featuredmedia":[{"embeddable":true,"href":"https:\/\/oiabby.com\/portfolio\/wp-json\/wp\/v2\/media\/1490"}],"wp:attachment":[{"href":"https:\/\/oiabby.com\/portfolio\/wp-json\/wp\/v2\/media?parent=1547"}],"curies":[{"name":"wp","href":"https:\/\/api.w.org\/{rel}","templated":true}]}}